{"id":305,"date":"2020-04-18T16:41:58","date_gmt":"2020-04-18T15:41:58","guid":{"rendered":"http:\/\/www.hugobonatti.at\/?page_id=305"},"modified":"2020-05-06T15:40:49","modified_gmt":"2020-05-06T14:40:49","slug":"aus-irrlicher","status":"publish","type":"page","link":"https:\/\/www.hugobonatti.at\/?page_id=305","title":{"rendered":"aus Irrlicher"},"content":{"rendered":"<h5>Die Richter von B. (Die Millionenerbin)<\/h5>\n<p>Auf der Piazza del Campanile rosso ein schmutziger Zeitungsjunge. Mit der \u00a0Kindern eigenen schrillen Stimme ruft er seine Zeitungen aus: \u201eMillionen-prozess!\u201c \u2013 Die Menge dreht sich sensationsl\u00fcstern um oder verharrt auch in der Gehrichtung, teilnahmslos und selbstgerecht. \u201eMillionenerbin in Untersuchungshaft. \u2013 Bank von ungetarnten Gangstern ausgeraubt. \u2013 Erste bemannte US-Raumsonde in Venusn\u00e4he. \u2013 Millionenprozess um Millionen-erbin\u2026<\/p>\n<p>Unter den laubenartigen Torb\u00f6gen der Platzbegrenzung \u2013 der Schankgarten etwas vorgezogen \u2013\u00a0 ein kleines Caf\u00e9, wie es hier viele gibt; mit St\u00fchlen in Temperafarben \u2013 nicht schreiend, sondern angenehm und gem\u00fctlich f\u00fcr das Auge\u2026: abget\u00f6ntes, helles Gelb, Rot, Blau und Gr\u00fcn. Die Aschenbecher auf den zierlichen, kreisrunden Tischen passen vorz\u00fcglich dazu. Sie haben Nierenform und machen f\u00fcr eine Weinbrandfabrik Reklame\u2026<\/p>\n\n\n<p><\/p>\n","protected":false},"excerpt":{"rendered":"<p>Die Richter von B. (Die Millionenerbin) Auf der Piazza del Campanile rosso ein schmutziger Zeitungsjunge. Mit der \u00a0Kindern eigenen schrillen Stimme ruft er seine Zeitungen aus: \u201eMillionen-prozess!\u201c \u2013 Die Menge dreht sich sensationsl\u00fcstern um oder verharrt auch in der Gehrichtung, &hellip; <a href=\"https:\/\/www.hugobonatti.at\/?page_id=305\">Weiterlesen <span class=\"meta-nav\">&rarr;<\/span><\/a><\/p>\n","protected":false},"author":1,"featured_media":0,"parent":300,"menu_order":1,"comment_status":"closed","ping_status":"closed","template":"","meta":[],"_links":{"self":[{"href":"https:\/\/www.hugobonatti.at\/index.php?rest_route=\/wp\/v2\/pages\/305"}],"collection":[{"href":"https:\/\/www.hugobonatti.at\/index.php?rest_route=\/wp\/v2\/pages"}],"about":[{"href":"https:\/\/www.hugobonatti.at\/index.php?rest_route=\/wp\/v2\/types\/page"}],"author":[{"embeddable":true,"href":"https:\/\/www.hugobonatti.at\/index.php?rest_route=\/wp\/v2\/users\/1"}],"replies":[{"embeddable":true,"href":"https:\/\/www.hugobonatti.at\/index.php?rest_route=%2Fwp%2Fv2%2Fcomments&post=305"}],"version-history":[{"count":7,"href":"https:\/\/www.hugobonatti.at\/index.php?rest_route=\/wp\/v2\/pages\/305\/revisions"}],"predecessor-version":[{"id":411,"href":"https:\/\/www.hugobonatti.at\/index.php?rest_route=\/wp\/v2\/pages\/305\/revisions\/411"}],"up":[{"embeddable":true,"href":"https:\/\/www.hugobonatti.at\/index.php?rest_route=\/wp\/v2\/pages\/300"}],"wp:attachment":[{"href":"https:\/\/www.hugobonatti.at\/index.php?rest_route=%2Fwp%2Fv2%2Fmedia&parent=305"}],"curies":[{"name":"wp","href":"https:\/\/api.w.org\/{rel}","templated":true}]}}