{"id":64,"date":"2013-03-19T19:00:22","date_gmt":"2013-03-19T18:00:22","guid":{"rendered":"http:\/\/www.hugobonatti.at\/?page_id=64"},"modified":"2020-04-17T11:21:07","modified_gmt":"2020-04-17T10:21:07","slug":"das-tal-der-hasslichen-1984","status":"publish","type":"page","link":"http:\/\/www.hugobonatti.at\/?page_id=64","title":{"rendered":"Das Tal der H\u00e4sslichen (1984)"},"content":{"rendered":"<p>Eine Psychographie<\/p>\n<p>Bl\u00e4schke Verlag ISBN 3-7053-2199-4<\/p>\n<p>Hugo Bonattis &#8222;Tal der H\u00e4sslichen&#8220; ist eines der merkw\u00fcrdigsten B\u00fccher, die mir je begegnet sind. Es beschreibt die Reise durch ein Tal, aber es ist kein geographisches Buch. Es ist darin von seltsamen Talbewohnern die Rede, aber es ist kein ethnologisches Buch. Es werden sonderbare Riten und Kulthandlungen beschrieben, aber es ist kein religionswissenschaftliches Buch. Es ist randvoll von seelischen Erfahrungen, aber es ist kein psychologisches Buch. Es ist dies alles ebenso wenig, wie etwa Saint-Exup\u00e9rys &#8222;Stadt in der W\u00fcste&#8220; ein geographisches, ethnologisches, religionsgeschichtliches oder psychologisches Werk ist. Und doch liegt in beiden Werken das Wesentliche all dieser Bereiche eingeschlossen, ist in den vielf\u00e4ltigen Kosmos eingegangen, der sich in ihnen und aus ihnen heraus offenbart.<\/p>\n<p>Bonattis Buch ist das unentwegte Umkreisen einer verlorenen Mitte. Die Unwirklichkeit der Szenerie wird so zum Spiegelbild einer Wirklichkeit, der wir mit allen tr\u00fcgerischen Effekten unseres technischen Fortschritts ausweichen wollen, die Perlenkette der Kapitel zu einem fortschreitenden Psychogramm einer Seele, die ihren Standort wohl kennt, aber nicht mehr dessen Position bestimmen kann f\u00fcr die objektive Festlegung der geforderten Koordinaten &#8211; einer Seele, die hofft und zugleich f\u00fcrchtet, ins eigene Fadenkreuz zu gelangen, im Brennpunkt der Selbsterkenntnis zu zerschmelzen, und diese Suche dennoch auf sich genommen hat in der Hoffnung, dem unbekannten Feuer standhalten zu k\u00f6nnen. Ein zutiefst metaphysisches Buch also, die literarische Tat eines einsamen Suchers, der zur totalen Kommunikation berufen ist.<\/p>\n<p>Helmut Schinagl (\u2020)<\/p>\n","protected":false},"excerpt":{"rendered":"<p>Eine Psychographie Bl\u00e4schke Verlag ISBN 3-7053-2199-4 Hugo Bonattis &#8222;Tal der H\u00e4sslichen&#8220; ist eines der merkw\u00fcrdigsten B\u00fccher, die mir je begegnet sind. Es beschreibt die Reise durch ein Tal, aber es ist kein geographisches Buch. Es ist darin von seltsamen Talbewohnern &hellip; <a href=\"http:\/\/www.hugobonatti.at\/?page_id=64\">Weiterlesen <span class=\"meta-nav\">&rarr;<\/span><\/a><\/p>\n","protected":false},"author":1,"featured_media":0,"parent":22,"menu_order":3,"comment_status":"closed","ping_status":"closed","template":"","meta":[],"_links":{"self":[{"href":"http:\/\/www.hugobonatti.at\/index.php?rest_route=\/wp\/v2\/pages\/64"}],"collection":[{"href":"http:\/\/www.hugobonatti.at\/index.php?rest_route=\/wp\/v2\/pages"}],"about":[{"href":"http:\/\/www.hugobonatti.at\/index.php?rest_route=\/wp\/v2\/types\/page"}],"author":[{"embeddable":true,"href":"http:\/\/www.hugobonatti.at\/index.php?rest_route=\/wp\/v2\/users\/1"}],"replies":[{"embeddable":true,"href":"http:\/\/www.hugobonatti.at\/index.php?rest_route=%2Fwp%2Fv2%2Fcomments&post=64"}],"version-history":[{"count":7,"href":"http:\/\/www.hugobonatti.at\/index.php?rest_route=\/wp\/v2\/pages\/64\/revisions"}],"predecessor-version":[{"id":255,"href":"http:\/\/www.hugobonatti.at\/index.php?rest_route=\/wp\/v2\/pages\/64\/revisions\/255"}],"up":[{"embeddable":true,"href":"http:\/\/www.hugobonatti.at\/index.php?rest_route=\/wp\/v2\/pages\/22"}],"wp:attachment":[{"href":"http:\/\/www.hugobonatti.at\/index.php?rest_route=%2Fwp%2Fv2%2Fmedia&parent=64"}],"curies":[{"name":"wp","href":"https:\/\/api.w.org\/{rel}","templated":true}]}}