{"id":42,"date":"2013-03-19T07:18:05","date_gmt":"2013-03-19T06:18:05","guid":{"rendered":"http:\/\/www.hugobonatti.at\/?page_id=42"},"modified":"2020-04-17T11:20:57","modified_gmt":"2020-04-17T10:20:57","slug":"politik-sagte-er-1979","status":"publish","type":"page","link":"http:\/\/www.hugobonatti.at\/?page_id=42","title":{"rendered":"Politik, sagte er (1979)"},"content":{"rendered":"<p>Skizzen und Essays<\/p>\n<p>\u00d6sterreichischer Kulturverlaug Thaur\/Tirol.<\/p>\n<p>ISBN 3-85395-021-3<\/p>\n<p>Bonattis vorliegende Skizzen und Essays sind \u00dcbungen; \u00dcbungen, die sich im Grunde mit einem einzigen Thema besch\u00e4ftigen. Sie umkreisen den Menschen Bonatti, sein Ich, Teile seines Ichs; denn nur von diesen aus ist der Autor f\u00e4hig, den N\u00e4chsten zu erkennen. Das &#8222;Erkenne dich selbst!&#8220; als Wurzel aller Philosophie ist hier \u00fcbertragen auf die sch\u00f6pferische Kraft literarischer Aussage.<\/p>\n<p>Bonattis Texte geh\u00f6ren dem Nachtseitigen an; freilich einem Nachtseitigen, in das immer wieder das Licht einbricht. Es ist das Licht der Gnade, die ihre Wurzeln unleugbar im Transzendenten (Gott!) wei\u00df, die das Dunkel \u00fcberwindet und eine Umkehr anzeigt, verhei\u00dft, versichert.<\/p>\n","protected":false},"excerpt":{"rendered":"<p>Skizzen und Essays \u00d6sterreichischer Kulturverlaug Thaur\/Tirol. ISBN 3-85395-021-3 Bonattis vorliegende Skizzen und Essays sind \u00dcbungen; \u00dcbungen, die sich im Grunde mit einem einzigen Thema besch\u00e4ftigen. Sie umkreisen den Menschen Bonatti, sein Ich, Teile seines Ichs; denn nur von diesen aus &hellip; <a href=\"http:\/\/www.hugobonatti.at\/?page_id=42\">Weiterlesen <span class=\"meta-nav\">&rarr;<\/span><\/a><\/p>\n","protected":false},"author":1,"featured_media":0,"parent":22,"menu_order":2,"comment_status":"closed","ping_status":"closed","template":"","meta":[],"_links":{"self":[{"href":"http:\/\/www.hugobonatti.at\/index.php?rest_route=\/wp\/v2\/pages\/42"}],"collection":[{"href":"http:\/\/www.hugobonatti.at\/index.php?rest_route=\/wp\/v2\/pages"}],"about":[{"href":"http:\/\/www.hugobonatti.at\/index.php?rest_route=\/wp\/v2\/types\/page"}],"author":[{"embeddable":true,"href":"http:\/\/www.hugobonatti.at\/index.php?rest_route=\/wp\/v2\/users\/1"}],"replies":[{"embeddable":true,"href":"http:\/\/www.hugobonatti.at\/index.php?rest_route=%2Fwp%2Fv2%2Fcomments&post=42"}],"version-history":[{"count":4,"href":"http:\/\/www.hugobonatti.at\/index.php?rest_route=\/wp\/v2\/pages\/42\/revisions"}],"predecessor-version":[{"id":254,"href":"http:\/\/www.hugobonatti.at\/index.php?rest_route=\/wp\/v2\/pages\/42\/revisions\/254"}],"up":[{"embeddable":true,"href":"http:\/\/www.hugobonatti.at\/index.php?rest_route=\/wp\/v2\/pages\/22"}],"wp:attachment":[{"href":"http:\/\/www.hugobonatti.at\/index.php?rest_route=%2Fwp%2Fv2%2Fmedia&parent=42"}],"curies":[{"name":"wp","href":"https:\/\/api.w.org\/{rel}","templated":true}]}}