{"id":32,"date":"2013-03-18T22:09:02","date_gmt":"2013-03-18T21:09:02","guid":{"rendered":"http:\/\/www.hugobonatti.at\/?page_id=32"},"modified":"2020-04-17T11:21:50","modified_gmt":"2020-04-17T10:21:50","slug":"preise","status":"publish","type":"page","link":"http:\/\/www.hugobonatti.at\/?page_id=32","title":{"rendered":"Preise"},"content":{"rendered":"<p>1967 Prosapreis der Stadt Innsbruck.<\/p>\n<p>1984 3. Preis der Stadt Innsbruck f\u00fcr dramatische Dichtung.<\/p>\n<p>2007 Ehrenzeichen f\u00fcr Kultur der Stadt Kitzb\u00fchel.<\/p>\n","protected":false},"excerpt":{"rendered":"<p>1967 Prosapreis der Stadt Innsbruck. 1984 3. Preis der Stadt Innsbruck f\u00fcr dramatische Dichtung. 2007 Ehrenzeichen f\u00fcr Kultur der Stadt Kitzb\u00fchel.<\/p>\n","protected":false},"author":1,"featured_media":0,"parent":0,"menu_order":5,"comment_status":"closed","ping_status":"closed","template":"","meta":[],"_links":{"self":[{"href":"http:\/\/www.hugobonatti.at\/index.php?rest_route=\/wp\/v2\/pages\/32"}],"collection":[{"href":"http:\/\/www.hugobonatti.at\/index.php?rest_route=\/wp\/v2\/pages"}],"about":[{"href":"http:\/\/www.hugobonatti.at\/index.php?rest_route=\/wp\/v2\/types\/page"}],"author":[{"embeddable":true,"href":"http:\/\/www.hugobonatti.at\/index.php?rest_route=\/wp\/v2\/users\/1"}],"replies":[{"embeddable":true,"href":"http:\/\/www.hugobonatti.at\/index.php?rest_route=%2Fwp%2Fv2%2Fcomments&post=32"}],"version-history":[{"count":6,"href":"http:\/\/www.hugobonatti.at\/index.php?rest_route=\/wp\/v2\/pages\/32\/revisions"}],"predecessor-version":[{"id":261,"href":"http:\/\/www.hugobonatti.at\/index.php?rest_route=\/wp\/v2\/pages\/32\/revisions\/261"}],"wp:attachment":[{"href":"http:\/\/www.hugobonatti.at\/index.php?rest_route=%2Fwp%2Fv2%2Fmedia&parent=32"}],"curies":[{"name":"wp","href":"https:\/\/api.w.org\/{rel}","templated":true}]}}