{"id":274,"date":"2020-04-18T16:23:48","date_gmt":"2020-04-18T15:23:48","guid":{"rendered":"http:\/\/www.hugobonatti.at\/?page_id=274"},"modified":"2020-04-29T19:18:59","modified_gmt":"2020-04-29T18:18:59","slug":"lesungen-ausland","status":"publish","type":"page","link":"http:\/\/www.hugobonatti.at\/?page_id=274","title":{"rendered":"Lesungen (Ausland)"},"content":{"rendered":"<p>Da\u00df mich diese einzigartige Geschichte (\u201aComputergeschichte\u2018) seitdem st\u00e4ndig verfolgt, lag nicht blo\u00df am ungemein dramatischen Vortrag des Autors (Landshuter Tagblatt \/BRD)\u2026 So lie\u00df Bonatti jedes Wort zu einem akustischen Erlebnis werden, ausdrucksstark und voller Energie, in atemberaubenden Tempo und mit Leidenschaft f\u00fcr das Au\u00dfergew\u00f6hnliche (Gymnasium Vacha\/Th\u00fcringen)\u2026 Von Sekunde zu Sekunde vermochte Bonatti die Aufmerksamkeit, ja die Faszination, zu steigern (UNI Maribor)\u2026 Das Publikum hat in Bonatti einen geborenen Vortragsk\u00fcnstler erkannt und bewundert . Sein Vortrag brachte das Publikum au\u00dfer Atem (UNI Osijek)\u2026\u201aIhre \u00a0Sprache ist die Musik Ihrer Seele. Pr\u00e4gnanter kann ich das gro\u00dfe Erlebnis, das Ihre beiden Lesungen mir nachhaltig bereitet haben, nicht fassen.\u2018 (M. Eichinger, Ljubljana)\u2026 Sie haben gezeigt, dass wahre K\u00fcnstler des Wortes auch au\u00dferhalb gro\u00dfer Metropolen leben k\u00f6nnen ( P r a g ,\u00a0 \u201aViola\u2018 \/ Kleinb\u00fchne, M. Tvrdik)\u2026 Wir alle waren von Ihrer Gestik und Mimik sehr angetan (Fremdsprachenkolleg Opole)\u2026 Eine Stunde ener-giegeladenes, spr\u00fchendes, schillerndes Funkeln von Sprache gewordener Musik (UNI Wroclaw)\u2026 Eine der Attraktionen war die Lesung Hugo J. Bo-nattis, eines \u00f6sterr. Autors (Presse Bydgoszcz)\u2026 \u2026 und kann Sie versichern, dass dieser wunderbare Vortrag lange nicht vergessen wird (Martha Eggerth-Kiepura\/New York)<\/p>\n\n\n<p><\/p>\n","protected":false},"excerpt":{"rendered":"<p>Da\u00df mich diese einzigartige Geschichte (\u201aComputergeschichte\u2018) seitdem st\u00e4ndig verfolgt, lag nicht blo\u00df am ungemein dramatischen Vortrag des Autors (Landshuter Tagblatt \/BRD)\u2026 So lie\u00df Bonatti jedes Wort zu einem akustischen Erlebnis werden, ausdrucksstark und voller Energie, in atemberaubenden Tempo und mit &hellip; <a href=\"http:\/\/www.hugobonatti.at\/?page_id=274\">Weiterlesen <span class=\"meta-nav\">&rarr;<\/span><\/a><\/p>\n","protected":false},"author":1,"featured_media":0,"parent":265,"menu_order":2,"comment_status":"closed","ping_status":"closed","template":"","meta":[],"_links":{"self":[{"href":"http:\/\/www.hugobonatti.at\/index.php?rest_route=\/wp\/v2\/pages\/274"}],"collection":[{"href":"http:\/\/www.hugobonatti.at\/index.php?rest_route=\/wp\/v2\/pages"}],"about":[{"href":"http:\/\/www.hugobonatti.at\/index.php?rest_route=\/wp\/v2\/types\/page"}],"author":[{"embeddable":true,"href":"http:\/\/www.hugobonatti.at\/index.php?rest_route=\/wp\/v2\/users\/1"}],"replies":[{"embeddable":true,"href":"http:\/\/www.hugobonatti.at\/index.php?rest_route=%2Fwp%2Fv2%2Fcomments&post=274"}],"version-history":[{"count":4,"href":"http:\/\/www.hugobonatti.at\/index.php?rest_route=\/wp\/v2\/pages\/274\/revisions"}],"predecessor-version":[{"id":410,"href":"http:\/\/www.hugobonatti.at\/index.php?rest_route=\/wp\/v2\/pages\/274\/revisions\/410"}],"up":[{"embeddable":true,"href":"http:\/\/www.hugobonatti.at\/index.php?rest_route=\/wp\/v2\/pages\/265"}],"wp:attachment":[{"href":"http:\/\/www.hugobonatti.at\/index.php?rest_route=%2Fwp%2Fv2%2Fmedia&parent=274"}],"curies":[{"name":"wp","href":"https:\/\/api.w.org\/{rel}","templated":true}]}}